{"id":1105,"date":"2025-02-11T21:01:41","date_gmt":"2025-02-11T20:01:41","guid":{"rendered":"http:\/\/omloopvanvlaanderen.be\/?page_id=1105"},"modified":"2025-10-25T22:40:42","modified_gmt":"2025-10-25T20:40:42","slug":"brc-div1","status":"publish","type":"page","link":"https:\/\/omloopvanvlaanderen.be\/fr\/brc-div1\/","title":{"rendered":"BRC DIV1"},"content":{"rendered":"<div data-elementor-type=\"wp-page\" data-elementor-id=\"1105\" class=\"elementor elementor-1105\" data-elementor-post-type=\"page\">\n\t\t\t\t<div class=\"elementor-element elementor-element-b9af1b7 e-flex e-con-boxed e-con e-parent\" data-id=\"b9af1b7\" data-element_type=\"container\" data-e-type=\"container\" data-settings=\"{&quot;background_background&quot;:&quot;classic&quot;}\">\n\t\t\t\t\t<div class=\"e-con-inner\">\n\t\t\t\t<div class=\"elementor-element elementor-element-326e8f2 elementor-widget elementor-widget-heading\" data-id=\"326e8f2\" data-element_type=\"widget\" data-e-type=\"widget\" data-widget_type=\"heading.default\">\n\t\t\t\t<div class=\"elementor-widget-container\">\n\t\t\t\t\t<h1 class=\"elementor-heading-title elementor-size-default\">A&amp;D Omloop van Vlaanderen<\/h1>\t\t\t\t<\/div>\n\t\t\t\t<\/div>\n\t\t\t\t<div class=\"elementor-element elementor-element-5e39bc4 elementor-widget elementor-widget-text-editor\" data-id=\"5e39bc4\" data-element_type=\"widget\" data-e-type=\"widget\" data-widget_type=\"text-editor.default\">\n\t\t\t\t<div class=\"elementor-widget-container\">\n\t\t\t\t\t\t\t\t\t<p>L'A&amp;D Omloop van Vlaanderen est un rallye prestigieux du Belgian Rally Championship (BRC). Cet \u00e9v\u00e9nement, qui fait partie int\u00e9grante du calendrier des rallyes, attire chaque ann\u00e9e des pilotes nationaux et internationaux. La combinaison de sp\u00e9ciales difficiles et l'atmosph\u00e8re unique dans et autour de la ville h\u00f4te de Roeselare font de l'Omloop van Vlaanderen un classique absolu.<\/p>\t\t\t\t\t\t\t\t<\/div>\n\t\t\t\t<\/div>\n\t\t\t\t\t<\/div>\n\t\t\t\t<\/div>\n\t\t<div class=\"elementor-element elementor-element-37957fa e-flex e-con-boxed e-con e-parent\" data-id=\"37957fa\" data-element_type=\"container\" data-e-type=\"container\" data-settings=\"{&quot;background_background&quot;:&quot;classic&quot;}\">\n\t\t\t\t\t<div class=\"e-con-inner\">\n\t\t<div class=\"elementor-element elementor-element-85c061a e-con-full e-flex e-con e-child\" data-id=\"85c061a\" data-element_type=\"container\" data-e-type=\"container\">\n\t\t\t\t<div class=\"elementor-element elementor-element-3a780e7 elementor-widget elementor-widget-heading\" data-id=\"3a780e7\" data-element_type=\"widget\" data-e-type=\"widget\" data-widget_type=\"heading.default\">\n\t\t\t\t<div class=\"elementor-widget-container\">\n\t\t\t\t\t<h3 class=\"elementor-heading-title elementor-size-default\">Documents et plus<\/h3>\t\t\t\t<\/div>\n\t\t\t\t<\/div>\n\t\t\t\t<div class=\"elementor-element elementor-element-a0d4295 elementor-widget elementor-widget-heading\" data-id=\"a0d4295\" data-element_type=\"widget\" data-e-type=\"widget\" data-widget_type=\"heading.default\">\n\t\t\t\t<div class=\"elementor-widget-container\">\n\t\t\t\t\t<h2 class=\"elementor-heading-title elementor-size-default\">Information Participants<\/h2>\t\t\t\t<\/div>\n\t\t\t\t<\/div>\n\t\t\t\t<\/div>\n\t\t<div class=\"elementor-element elementor-element-1f962c9 e-con-full e-flex e-con e-child\" data-id=\"1f962c9\" data-element_type=\"container\" data-e-type=\"container\">\n\t\t<div class=\"elementor-element elementor-element-58139af e-con-full e-flex e-con e-child\" data-id=\"58139af\" data-element_type=\"container\" data-e-type=\"container\">\n\t\t\t\t<div class=\"elementor-element elementor-element-f3daac0 elementor-widget elementor-widget-text-editor\" data-id=\"f3daac0\" data-element_type=\"widget\" data-e-type=\"widget\" data-widget_type=\"text-editor.default\">\n\t\t\t\t<div class=\"elementor-widget-container\">\n\t\t\t\t\t\t\t\t\t<p><span style=\"text-decoration: underline;\"><strong>Calendrier<br><br><\/strong><\/span><\/p>\n<p><span style=\"color: rgb(255, 204, 0);\"><span style=\"font-weight: bolder;\">Mercredi 2 septembre 2026 :<\/span><\/span><\/p>\n<ul style=\"background-color: rgb(34, 34, 34); font-size: 18px;\">\n<li style=\"font-size: 18px;\">Essais libres<\/li>\n<li style=\"font-size: 18px;\">Slyps Shakedown<br><br><\/li>\n<\/ul>\n<p><span style=\"font-weight: bolder;\"><span style=\"color: rgb(255, 204, 0);\">Jeudi 3 septembre 2026 :<\/span><\/span><\/p>\n<ul style=\"background-color: rgb(34, 34, 34); font-size: 18px;\">\n<li style=\"font-size: 18px;\">Jour de reconnaissance 1<br><br><\/li>\n<\/ul>\n<p><span style=\"color: rgb(255, 204, 0);\"><span style=\"font-weight: bolder;\">Vendredi 4 septembre 2026 :&nbsp; &nbsp; &nbsp; &nbsp;<\/span><\/span><\/p>\n<ul style=\"background-color: rgb(34, 34, 34); font-size: 18px;\">\n<li style=\"font-size: 18px;\">Jour de reconnaissance 2<\/li>\n<li style=\"font-size: 18px;\">Contr\u00f4le technique<\/li>\n<li style=\"font-size: 18px;\">Premi\u00e8re journ\u00e9e<br><br><\/li>\n<\/ul>\n<p><span style=\"color: rgb(255, 204, 0);\"><span style=\"font-weight: bolder;\">Samedi 5 septembre 2026 :&nbsp;<\/span><\/span>&nbsp;&nbsp; &nbsp;&nbsp;<\/p>\n<p><span style=\"text-decoration-line: underline;\"><\/span><\/p>\n<ul style=\"background-color: rgb(34, 34, 34); font-size: 18px;\">\n<li style=\"font-size: 18px;\">Deuxi\u00e8me journ\u00e9e<\/li>\n<li style=\"font-size: 18px;\">Finir par une c\u00e9r\u00e9monie de remise des prix sur sc\u00e8ne<\/li>\n<\/ul>\n<p><br><\/p>\n<ul>\n<\/ul>\t\t\t\t\t\t\t\t<\/div>\n\t\t\t\t<\/div>\n\t\t\t\t<\/div>\n\t\t<div class=\"elementor-element elementor-element-b0fdf3c e-con-full e-flex e-con e-child\" data-id=\"b0fdf3c\" data-element_type=\"container\" data-e-type=\"container\">\n\t\t\t\t<div class=\"elementor-element elementor-element-5c2cd12 elementor-widget elementor-widget-button\" data-id=\"5c2cd12\" data-element_type=\"widget\" data-e-type=\"widget\" data-widget_type=\"button.default\">\n\t\t\t\t<div class=\"elementor-widget-container\">\n\t\t\t\t\t\t\t\t\t<div class=\"elementor-button-wrapper\">\n\t\t\t\t\t<a class=\"elementor-button elementor-button-link elementor-size-sm\" href=\"https:\/\/webapp.sportity.com\/channel\/OVV2025\" target=\"_blank\">\n\t\t\t\t\t\t<span class=\"elementor-button-content-wrapper\">\n\t\t\t\t\t\t\t\t\t<span class=\"elementor-button-text\">Tableau d'affichage officiel 2025<\/span>\n\t\t\t\t\t<\/span>\n\t\t\t\t\t<\/a>\n\t\t\t\t<\/div>\n\t\t\t\t\t\t\t\t<\/div>\n\t\t\t\t<\/div>\n\t\t\t\t<div class=\"elementor-element elementor-element-76e2c44 elementor-widget elementor-widget-button\" data-id=\"76e2c44\" data-element_type=\"widget\" data-e-type=\"widget\" data-widget_type=\"button.default\">\n\t\t\t\t<div class=\"elementor-widget-container\">\n\t\t\t\t\t\t\t\t\t<div class=\"elementor-button-wrapper\">\n\t\t\t\t\t<a class=\"elementor-button elementor-button-link elementor-size-sm\" href=\"https:\/\/results.rallyresultaten.be\/Omloop2025\/results\/moderne\/uitslag.html\" target=\"_blank\">\n\t\t\t\t\t\t<span class=\"elementor-button-content-wrapper\">\n\t\t\t\t\t\t\t\t\t<span class=\"elementor-button-text\">R\u00e9sultats 2025<\/span>\n\t\t\t\t\t<\/span>\n\t\t\t\t\t<\/a>\n\t\t\t\t<\/div>\n\t\t\t\t\t\t\t\t<\/div>\n\t\t\t\t<\/div>\n\t\t\t\t<div class=\"elementor-element elementor-element-84be5ff elementor-widget elementor-widget-spacer\" data-id=\"84be5ff\" data-element_type=\"widget\" data-e-type=\"widget\" data-widget_type=\"spacer.default\">\n\t\t\t\t<div class=\"elementor-widget-container\">\n\t\t\t\t\t\t\t<div class=\"elementor-spacer\">\n\t\t\t<div class=\"elementor-spacer-inner\"><\/div>\n\t\t<\/div>\n\t\t\t\t\t\t<\/div>\n\t\t\t\t<\/div>\n\t\t\t\t<\/div>\n\t\t\t\t<\/div>\n\t\t\t\t\t<\/div>\n\t\t\t\t<\/div>\n\t\t<div class=\"elementor-element elementor-element-beeb699 e-flex e-con-boxed e-con e-parent\" data-id=\"beeb699\" data-element_type=\"container\" data-e-type=\"container\" data-settings=\"{&quot;background_background&quot;:&quot;classic&quot;}\">\n\t\t\t\t\t<div class=\"e-con-inner\">\n\t\t<div class=\"elementor-element elementor-element-8869069 e-con-full e-flex e-con e-child\" data-id=\"8869069\" data-element_type=\"container\" data-e-type=\"container\">\n\t\t\t\t<div class=\"elementor-element elementor-element-281ef8a elementor-widget elementor-widget-heading\" data-id=\"281ef8a\" data-element_type=\"widget\" data-e-type=\"widget\" data-widget_type=\"heading.default\">\n\t\t\t\t<div class=\"elementor-widget-container\">\n\t\t\t\t\t<h3 class=\"elementor-heading-title elementor-size-default\">Le plus ancien rallye BRC<\/h3>\t\t\t\t<\/div>\n\t\t\t\t<\/div>\n\t\t\t\t<div class=\"elementor-element elementor-element-94c9c05 elementor-widget elementor-widget-heading\" data-id=\"94c9c05\" data-element_type=\"widget\" data-e-type=\"widget\" data-widget_type=\"heading.default\">\n\t\t\t\t<div class=\"elementor-widget-container\">\n\t\t\t\t\t<h2 class=\"elementor-heading-title elementor-size-default\">Un parcours stimulant au centre de la Flandre occidentale<\/h2>\t\t\t\t<\/div>\n\t\t\t\t<\/div>\n\t\t\t\t<div class=\"elementor-element elementor-element-ba04bbd elementor-widget elementor-widget-text-editor\" data-id=\"ba04bbd\" data-element_type=\"widget\" data-e-type=\"widget\" data-widget_type=\"text-editor.default\">\n\t\t\t\t<div class=\"elementor-widget-container\">\n\t\t\t\t\t\t\t\t\t<p data-pm-slice=\"1 1 []\">Avec sa 66e \u00e9dition, l'A&amp;D Omloop van Vlaanderen est le plus ancien rallye BRC. La course offre un m\u00e9lange de tradition et d'innovation, avec des \u00e9tapes sp\u00e9ciales qui mettent les pilotes \u00e0 l'\u00e9preuve \u00e0 chaque fois. Le parcours, qui serpente \u00e0 travers la r\u00e9gion pittoresque bien au-del\u00e0 du centre de la Flandre occidentale, est r\u00e9put\u00e9 pour ses difficult\u00e9s techniques, ses lignes droites rapides et ses virages serr\u00e9s.<\/p>\n<p>Cette ann\u00e9e encore, nous pr\u00e9voyons de nombreux ajustements aux \u00e9tapes sp\u00e9ciales par rapport \u00e0 2025.<\/p>\t\t\t\t\t\t\t\t<\/div>\n\t\t\t\t<\/div>\n\t\t\t\t<\/div>\n\t\t<div class=\"elementor-element elementor-element-3d08de1 e-con-full e-flex e-con e-child\" data-id=\"3d08de1\" data-element_type=\"container\" data-e-type=\"container\">\n\t\t\t\t<div class=\"elementor-element elementor-element-c631b15 elementor-widget elementor-widget-image\" data-id=\"c631b15\" data-element_type=\"widget\" data-e-type=\"widget\" data-widget_type=\"image.default\">\n\t\t\t\t<div class=\"elementor-widget-container\">\n\t\t\t\t\t\t\t\t\t\t\t\t\t\t\t<img fetchpriority=\"high\" decoding=\"async\" width=\"800\" height=\"534\" src=\"https:\/\/omloopvanvlaanderen.be\/wp-content\/uploads\/2025\/03\/IMG_8637-1024x683.jpg\" class=\"attachment-large size-large wp-image-1710\" alt=\"\" srcset=\"https:\/\/omloopvanvlaanderen.be\/wp-content\/uploads\/2025\/03\/IMG_8637-1024x683.jpg 1024w, https:\/\/omloopvanvlaanderen.be\/wp-content\/uploads\/2025\/03\/IMG_8637-300x200.jpg 300w, https:\/\/omloopvanvlaanderen.be\/wp-content\/uploads\/2025\/03\/IMG_8637-768x512.jpg 768w, https:\/\/omloopvanvlaanderen.be\/wp-content\/uploads\/2025\/03\/IMG_8637-1536x1024.jpg 1536w, https:\/\/omloopvanvlaanderen.be\/wp-content\/uploads\/2025\/03\/IMG_8637-2048x1365.jpg 2048w, https:\/\/omloopvanvlaanderen.be\/wp-content\/uploads\/2025\/03\/IMG_8637-18x12.jpg 18w\" sizes=\"(max-width: 800px) 100vw, 800px\" \/>\t\t\t\t\t\t\t\t\t\t\t\t\t\t\t<\/div>\n\t\t\t\t<\/div>\n\t\t\t\t<\/div>\n\t\t\t\t\t<\/div>\n\t\t\t\t<\/div>\n\t\t<div class=\"elementor-element elementor-element-70dc6e6 e-flex e-con-boxed e-con e-parent\" data-id=\"70dc6e6\" data-element_type=\"container\" data-e-type=\"container\" data-settings=\"{&quot;background_background&quot;:&quot;classic&quot;}\">\n\t\t\t\t\t<div class=\"e-con-inner\">\n\t\t<div class=\"elementor-element elementor-element-157eccd e-con-full e-flex e-con e-child\" data-id=\"157eccd\" data-element_type=\"container\" data-e-type=\"container\">\n\t\t\t\t<div class=\"elementor-element elementor-element-055124c elementor-widget elementor-widget-heading\" data-id=\"055124c\" data-element_type=\"widget\" data-e-type=\"widget\" data-widget_type=\"heading.default\">\n\t\t\t\t<div class=\"elementor-widget-container\">\n\t\t\t\t\t<h3 class=\"elementor-heading-title elementor-size-default\">Plus accessible que jamais<\/h3>\t\t\t\t<\/div>\n\t\t\t\t<\/div>\n\t\t\t\t<div class=\"elementor-element elementor-element-17bff00 elementor-widget elementor-widget-heading\" data-id=\"17bff00\" data-element_type=\"widget\" data-e-type=\"widget\" data-widget_type=\"heading.default\">\n\t\t\t\t<div class=\"elementor-widget-container\">\n\t\t\t\t\t<h2 class=\"elementor-heading-title elementor-size-default\">Int\u00e9ressant pour les pilotes locaux<\/h2>\t\t\t\t<\/div>\n\t\t\t\t<\/div>\n\t\t\t\t<div class=\"elementor-element elementor-element-16dce80 elementor-widget elementor-widget-text-editor\" data-id=\"16dce80\" data-element_type=\"widget\" data-e-type=\"widget\" data-widget_type=\"text-editor.default\">\n\t\t\t\t<div class=\"elementor-widget-container\">\n\t\t\t\t\t\t\t\t\t<p data-pm-slice=\"1 1 []\">L'Omloop van Vlaanderen n'est pas seulement une course pour les meilleurs coureurs nationaux et internationaux, mais aussi une \u00e9tape id\u00e9ale pour les coureurs locaux. Gr\u00e2ce \u00e0 des actions sp\u00e9ciales pour les coureurs r\u00e9gionaux, l'Omloop van Vlaanderen offre une occasion unique de se mesurer aux meilleurs.<\/p>\t\t\t\t\t\t\t\t<\/div>\n\t\t\t\t<\/div>\n\t\t\t\t<\/div>\n\t\t<div class=\"elementor-element elementor-element-58f6aa4 e-con-full e-flex e-con e-child\" data-id=\"58f6aa4\" data-element_type=\"container\" data-e-type=\"container\">\n\t\t\t\t<div class=\"elementor-element elementor-element-525748c elementor-widget elementor-widget-image\" data-id=\"525748c\" data-element_type=\"widget\" data-e-type=\"widget\" data-widget_type=\"image.default\">\n\t\t\t\t<div class=\"elementor-widget-container\">\n\t\t\t\t\t\t\t\t\t\t\t\t\t\t\t<img decoding=\"async\" width=\"640\" height=\"427\" src=\"https:\/\/omloopvanvlaanderen.be\/wp-content\/uploads\/2025\/09\/rallycentrum.jpg\" class=\"attachment-large size-large wp-image-2479\" alt=\"\" srcset=\"https:\/\/omloopvanvlaanderen.be\/wp-content\/uploads\/2025\/09\/rallycentrum.jpg 640w, https:\/\/omloopvanvlaanderen.be\/wp-content\/uploads\/2025\/09\/rallycentrum-300x200.jpg 300w, https:\/\/omloopvanvlaanderen.be\/wp-content\/uploads\/2025\/09\/rallycentrum-18x12.jpg 18w\" sizes=\"(max-width: 640px) 100vw, 640px\" \/>\t\t\t\t\t\t\t\t\t\t\t\t\t\t\t<\/div>\n\t\t\t\t<\/div>\n\t\t\t\t<\/div>\n\t\t\t\t\t<\/div>\n\t\t\t\t<\/div>\n\t\t\t\t<\/div>","protected":false},"excerpt":{"rendered":"<p>A&amp;D Omloop van Vlaanderen De A&amp;D Omloop van Vlaanderen is een prestigieuze\u00a0 rally\u2019s binnen het Belgisch Rally Kampioenschap (BRC). Als vaste waarde op de rallykalender trekt de wedstrijd jaarlijks zowel nationale als internationale piloten aan. De combinatie van uitdagende klassementsproeven en de unieke sfeer in en rond de gaststad Roeselare maken de Omloop van Vlaanderen [&hellip;]<\/p>\n","protected":false},"author":1,"featured_media":0,"parent":0,"menu_order":0,"comment_status":"closed","ping_status":"closed","template":"","meta":{"footnotes":""},"class_list":["post-1105","page","type-page","status-publish","hentry"],"_links":{"self":[{"href":"https:\/\/omloopvanvlaanderen.be\/fr\/wp-json\/wp\/v2\/pages\/1105","targetHints":{"allow":["GET"]}}],"collection":[{"href":"https:\/\/omloopvanvlaanderen.be\/fr\/wp-json\/wp\/v2\/pages"}],"about":[{"href":"https:\/\/omloopvanvlaanderen.be\/fr\/wp-json\/wp\/v2\/types\/page"}],"author":[{"embeddable":true,"href":"https:\/\/omloopvanvlaanderen.be\/fr\/wp-json\/wp\/v2\/users\/1"}],"replies":[{"embeddable":true,"href":"https:\/\/omloopvanvlaanderen.be\/fr\/wp-json\/wp\/v2\/comments?post=1105"}],"version-history":[{"count":124,"href":"https:\/\/omloopvanvlaanderen.be\/fr\/wp-json\/wp\/v2\/pages\/1105\/revisions"}],"predecessor-version":[{"id":2670,"href":"https:\/\/omloopvanvlaanderen.be\/fr\/wp-json\/wp\/v2\/pages\/1105\/revisions\/2670"}],"wp:attachment":[{"href":"https:\/\/omloopvanvlaanderen.be\/fr\/wp-json\/wp\/v2\/media?parent=1105"}],"curies":[{"name":"wp","href":"https:\/\/api.w.org\/{rel}","templated":true}]}}